{"id":2247,"date":"2020-08-21T09:40:03","date_gmt":"2020-08-21T07:40:03","guid":{"rendered":"https:\/\/neoplas-tools.eu\/neoplas\/"},"modified":"2021-12-15T15:32:00","modified_gmt":"2021-12-15T15:32:00","slug":"neoplas-med-gmbh-develops-high-precision-medical-technology-for-the-precise-application-of-physical-cold-plasma-and-makes-more-quality-of-life-possible-through-more-efficient-therapies","status":"publish","type":"page","link":"https:\/\/neoplas-med.eu\/en\/","title":{"rendered":"neoplas med"},"content":{"rendered":"","protected":false},"excerpt":{"rendered":"","protected":false},"author":1,"featured_media":0,"parent":0,"menu_order":0,"comment_status":"closed","ping_status":"closed","template":"","meta":{"footnotes":""},"class_list":["post-2247","page","type-page","status-publish","hentry"],"acf":[],"yoast_head":"<!-- This site is optimized with the Yoast SEO plugin v27.3 - https:\/\/yoast.com\/product\/yoast-seo-wordpress\/ -->\n<title>neoplas med GmbH<\/title>\n<meta name=\"description\" content=\"neoplas med GmbH develops high-precision medical technology for the precise application of physical cold plasma and makes more quality of life possible through more efficient therapies.\" \/>\n<meta name=\"robots\" content=\"index, follow, max-snippet:-1, max-image-preview:large, max-video-preview:-1\" \/>\n<link rel=\"canonical\" href=\"https:\/\/neoplas-med.eu\/en\/\" \/>\n<meta property=\"og:locale\" content=\"en_US\" \/>\n<meta property=\"og:type\" content=\"article\" \/>\n<meta property=\"og:title\" content=\"neoplas med GmbH\" \/>\n<meta property=\"og:description\" content=\"neoplas med GmbH develops high-precision medical technology for the precise application of physical cold plasma and makes more quality of life possible through more efficient therapies.\" \/>\n<meta property=\"og:url\" content=\"https:\/\/neoplas-med.eu\/en\/\" \/>\n<meta property=\"og:site_name\" content=\"neoplas med GmbH\" \/>\n<meta property=\"article:modified_time\" content=\"2021-12-15T15:32:00+00:00\" \/>\n<meta name=\"twitter:card\" content=\"summary_large_image\" \/>\n<script type=\"application\/ld+json\" class=\"yoast-schema-graph\">{\"@context\":\"https:\\\/\\\/schema.org\",\"@graph\":[{\"@type\":\"WebPage\",\"@id\":\"https:\\\/\\\/neoplas-med.eu\\\/en\\\/\",\"url\":\"https:\\\/\\\/neoplas-med.eu\\\/en\\\/\",\"name\":\"neoplas med GmbH\",\"isPartOf\":{\"@id\":\"https:\\\/\\\/neoplas-med.eu\\\/en\\\/#website\"},\"datePublished\":\"2020-08-21T07:40:03+00:00\",\"dateModified\":\"2021-12-15T15:32:00+00:00\",\"description\":\"neoplas med GmbH develops high-precision medical technology for the precise application of physical cold plasma and makes more quality of life possible through more efficient therapies.\",\"breadcrumb\":{\"@id\":\"https:\\\/\\\/neoplas-med.eu\\\/en\\\/#breadcrumb\"},\"inLanguage\":\"en-US\",\"potentialAction\":[{\"@type\":\"ReadAction\",\"target\":[\"https:\\\/\\\/neoplas-med.eu\\\/en\\\/\"]}]},{\"@type\":\"BreadcrumbList\",\"@id\":\"https:\\\/\\\/neoplas-med.eu\\\/en\\\/#breadcrumb\",\"itemListElement\":[{\"@type\":\"ListItem\",\"position\":1,\"name\":\"Home\",\"item\":\"https:\\\/\\\/neoplas-med.eu\\\/en\\\/\"},{\"@type\":\"ListItem\",\"position\":2,\"name\":\"neoplas med\"}]},{\"@type\":\"WebSite\",\"@id\":\"https:\\\/\\\/neoplas-med.eu\\\/en\\\/#website\",\"url\":\"https:\\\/\\\/neoplas-med.eu\\\/en\\\/\",\"name\":\"neoplas med GmbH\",\"description\":\"Die neoplas med GmbH entwickelt Medizintechnik f\u00fcr den Einsatz physikalischen Kaltplasmas f\u00fcr mehr Lebensqualit\u00e4t.\",\"publisher\":{\"@id\":\"https:\\\/\\\/neoplas-med.eu\\\/en\\\/#organization\"},\"potentialAction\":[{\"@type\":\"SearchAction\",\"target\":{\"@type\":\"EntryPoint\",\"urlTemplate\":\"https:\\\/\\\/neoplas-med.eu\\\/en\\\/?s={search_term_string}\"},\"query-input\":{\"@type\":\"PropertyValueSpecification\",\"valueRequired\":true,\"valueName\":\"search_term_string\"}}],\"inLanguage\":\"en-US\"},{\"@type\":\"Organization\",\"@id\":\"https:\\\/\\\/neoplas-med.eu\\\/en\\\/#organization\",\"name\":\"neoplas med GmbH\",\"url\":\"https:\\\/\\\/neoplas-med.eu\\\/en\\\/\",\"logo\":{\"@type\":\"ImageObject\",\"inLanguage\":\"en-US\",\"@id\":\"https:\\\/\\\/neoplas-med.eu\\\/en\\\/#\\\/schema\\\/logo\\\/image\\\/\",\"url\":\"https:\\\/\\\/neoplas-med.eu\\\/en\\\/wp-content\\\/uploads\\\/sites\\\/2\\\/2021\\\/12\\\/cropped-logoNuMed.png\",\"contentUrl\":\"https:\\\/\\\/neoplas-med.eu\\\/en\\\/wp-content\\\/uploads\\\/sites\\\/2\\\/2021\\\/12\\\/cropped-logoNuMed.png\",\"width\":588,\"height\":250,\"caption\":\"neoplas med GmbH\"},\"image\":{\"@id\":\"https:\\\/\\\/neoplas-med.eu\\\/en\\\/#\\\/schema\\\/logo\\\/image\\\/\"}}]}<\/script>\n<!-- \/ Yoast SEO plugin. -->","yoast_head_json":{"title":"neoplas med GmbH","description":"neoplas med GmbH develops high-precision medical technology for the precise application of physical cold plasma and makes more quality of life possible through more efficient therapies.","robots":{"index":"index","follow":"follow","max-snippet":"max-snippet:-1","max-image-preview":"max-image-preview:large","max-video-preview":"max-video-preview:-1"},"canonical":"https:\/\/neoplas-med.eu\/en\/","og_locale":"en_US","og_type":"article","og_title":"neoplas med GmbH","og_description":"neoplas med GmbH develops high-precision medical technology for the precise application of physical cold plasma and makes more quality of life possible through more efficient therapies.","og_url":"https:\/\/neoplas-med.eu\/en\/","og_site_name":"neoplas med GmbH","article_modified_time":"2021-12-15T15:32:00+00:00","twitter_card":"summary_large_image","schema":{"@context":"https:\/\/schema.org","@graph":[{"@type":"WebPage","@id":"https:\/\/neoplas-med.eu\/en\/","url":"https:\/\/neoplas-med.eu\/en\/","name":"neoplas med GmbH","isPartOf":{"@id":"https:\/\/neoplas-med.eu\/en\/#website"},"datePublished":"2020-08-21T07:40:03+00:00","dateModified":"2021-12-15T15:32:00+00:00","description":"neoplas med GmbH develops high-precision medical technology for the precise application of physical cold plasma and makes more quality of life possible through more efficient therapies.","breadcrumb":{"@id":"https:\/\/neoplas-med.eu\/en\/#breadcrumb"},"inLanguage":"en-US","potentialAction":[{"@type":"ReadAction","target":["https:\/\/neoplas-med.eu\/en\/"]}]},{"@type":"BreadcrumbList","@id":"https:\/\/neoplas-med.eu\/en\/#breadcrumb","itemListElement":[{"@type":"ListItem","position":1,"name":"Home","item":"https:\/\/neoplas-med.eu\/en\/"},{"@type":"ListItem","position":2,"name":"neoplas med"}]},{"@type":"WebSite","@id":"https:\/\/neoplas-med.eu\/en\/#website","url":"https:\/\/neoplas-med.eu\/en\/","name":"neoplas med GmbH","description":"Die neoplas med GmbH entwickelt Medizintechnik f\u00fcr den Einsatz physikalischen Kaltplasmas f\u00fcr mehr Lebensqualit\u00e4t.","publisher":{"@id":"https:\/\/neoplas-med.eu\/en\/#organization"},"potentialAction":[{"@type":"SearchAction","target":{"@type":"EntryPoint","urlTemplate":"https:\/\/neoplas-med.eu\/en\/?s={search_term_string}"},"query-input":{"@type":"PropertyValueSpecification","valueRequired":true,"valueName":"search_term_string"}}],"inLanguage":"en-US"},{"@type":"Organization","@id":"https:\/\/neoplas-med.eu\/en\/#organization","name":"neoplas med GmbH","url":"https:\/\/neoplas-med.eu\/en\/","logo":{"@type":"ImageObject","inLanguage":"en-US","@id":"https:\/\/neoplas-med.eu\/en\/#\/schema\/logo\/image\/","url":"https:\/\/neoplas-med.eu\/en\/wp-content\/uploads\/sites\/2\/2021\/12\/cropped-logoNuMed.png","contentUrl":"https:\/\/neoplas-med.eu\/en\/wp-content\/uploads\/sites\/2\/2021\/12\/cropped-logoNuMed.png","width":588,"height":250,"caption":"neoplas med GmbH"},"image":{"@id":"https:\/\/neoplas-med.eu\/en\/#\/schema\/logo\/image\/"}}]}},"_links":{"self":[{"href":"https:\/\/neoplas-med.eu\/en\/wp-json\/wp\/v2\/pages\/2247","targetHints":{"allow":["GET"]}}],"collection":[{"href":"https:\/\/neoplas-med.eu\/en\/wp-json\/wp\/v2\/pages"}],"about":[{"href":"https:\/\/neoplas-med.eu\/en\/wp-json\/wp\/v2\/types\/page"}],"author":[{"embeddable":true,"href":"https:\/\/neoplas-med.eu\/en\/wp-json\/wp\/v2\/users\/1"}],"replies":[{"embeddable":true,"href":"https:\/\/neoplas-med.eu\/en\/wp-json\/wp\/v2\/comments?post=2247"}],"version-history":[{"count":11,"href":"https:\/\/neoplas-med.eu\/en\/wp-json\/wp\/v2\/pages\/2247\/revisions"}],"predecessor-version":[{"id":4356,"href":"https:\/\/neoplas-med.eu\/en\/wp-json\/wp\/v2\/pages\/2247\/revisions\/4356"}],"wp:attachment":[{"href":"https:\/\/neoplas-med.eu\/en\/wp-json\/wp\/v2\/media?parent=2247"}],"curies":[{"name":"wp","href":"https:\/\/api.w.org\/{rel}","templated":true}]}}